{"id":97,"date":"2024-05-20T19:32:11","date_gmt":"2024-05-20T19:32:11","guid":{"rendered":"https:\/\/new.invite.cz\/?page_id=97"},"modified":"2024-08-11T04:26:31","modified_gmt":"2024-08-11T04:26:31","slug":"o-nas","status":"publish","type":"page","link":"https:\/\/new.invite.cz\/?page_id=97","title":{"rendered":"O n\u00e1s"},"content":{"rendered":"\n<hr class=\"wp-block-separator has-text-color has-primary-color has-alpha-channel-opacity has-primary-background-color has-background is-style-default\" style=\"margin-bottom:var(--wp--preset--spacing--superbspacing-small)\"\/>\n\n\n\n<p style=\"padding-top:0;padding-bottom:var(--wp--preset--spacing--superbspacing-xsmall);font-size:clamp(16.293px, 1.018rem + ((1vw - 3.2px) * 0.989), 25px);line-height:1.7\">Jsme mlad\u00e1 a dynamick\u00e1 firma zam\u011b\u0159en\u00e1 na tvorbu webov\u00fdch str\u00e1nek a poskytov\u00e1n\u00ed spolehliv\u00e9ho hostingu. Na\u0161\u00edm c\u00edlem je nab\u00edzet kompletn\u00ed a responzivn\u00ed \u0159e\u0161en\u00ed, kter\u00e1 nejen skv\u011ble vypadaj\u00ed, ale tak\u00e9 bezchybn\u011b funguj\u00ed.<\/p>\n\n\n\n<p style=\"padding-bottom:var(--wp--preset--spacing--superbspacing-xsmall);font-size:clamp(16.293px, 1.018rem + ((1vw - 3.2px) * 0.989), 25px);line-height:1.7\">D\u00edky na\u0161emu motivovan\u00e9mu t\u00fdmu poskytujeme individu\u00e1ln\u00ed p\u0159\u00edstup a inovativn\u00ed \u0159e\u0161en\u00ed, p\u0159izp\u016fsoben\u00e1 konkr\u00e9tn\u00edm pot\u0159eb\u00e1m ka\u017ed\u00e9ho z\u00e1kazn\u00edka.<\/p>\n\n\n\n<p style=\"padding-bottom:var(--wp--preset--spacing--superbspacing-xsmall);font-size:clamp(16.293px, 1.018rem + ((1vw - 3.2px) * 0.989), 25px);line-height:1.7\">Na\u0161e hostingov\u00e9 slu\u017eby zaru\u010duj\u00ed rychlost, bezpe\u010dnost a spolehlivost, co\u017e umo\u017en\u00ed Va\u0161im webov\u00fdm str\u00e1nk\u00e1m plnit jejich \u00fa\u010del s maxim\u00e1ln\u00ed efektivitou.<\/p>\n\n\n\n<p style=\"font-size:clamp(16.293px, 1.018rem + ((1vw - 3.2px) * 0.989), 25px);line-height:1.7\">Jsme p\u0159ipraveni a t\u011b\u0161\u00edme se b\u00fdt Va\u0161\u00edm partnerem na cest\u011b k \u00fasp\u011b\u0161n\u00e9 online prezentaci a r\u016fstu v digit\u00e1ln\u00edm sv\u011bt\u011b.<\/p>\n\n\n\n<p class=\"has-text-align-center\" style=\"padding-top:var(--wp--preset--spacing--superbspacing-xxlarge);padding-bottom:0;font-size:clamp(25.014px, 1.563rem + ((1vw - 3.2px) * 1.93), 42px);\"><strong>N\u00e1\u0161 t\u00fdm<\/strong><\/p>\n\n\n\n<hr class=\"wp-block-separator has-text-color has-primary-color has-alpha-channel-opacity has-primary-background-color has-background is-style-default\" style=\"margin-top:var(--wp--preset--spacing--superbspacing-xxsmall);margin-bottom:var(--wp--preset--spacing--superbspacing-medium)\"\/>\n\n\n\n<div class=\"wp-block-columns are-vertically-aligned-center is-layout-flex wp-container-core-columns-is-layout-9c22b1e3 wp-block-columns-is-layout-flex\">\n<div class=\"wp-block-column is-vertically-aligned-center is-layout-flow wp-block-column-is-layout-flow\" style=\"flex-basis:60%\">\n<figure class=\"wp-block-image alignleft size-large is-resized has-custom-border\"><img decoding=\"async\" src=\"https:\/\/invite.cz\/wp-content\/uploads\/2024\/06\/man-303792_1280-edited.png\" alt=\"\" class=\"has-border-color has-contrast-light-border-color wp-image-153\" style=\"aspect-ratio:1;object-fit:cover;width:168px\"\/><\/figure>\n\n\n\n<p style=\"padding-bottom:var(--wp--preset--spacing--superbspacing-small);line-height:1.7\"><strong>Ing. Porwol Du\u0161an<\/strong><br>technick\u00e1 podpora, spr\u00e1va hostingu<br>E-mail:&nbsp;dusan@invite.cz<\/p>\n<\/div>\n\n\n\n<div class=\"wp-block-column is-vertically-aligned-center is-layout-flow wp-block-column-is-layout-flow\" style=\"flex-basis:50%\">\n<figure class=\"wp-block-image alignleft size-large is-resized has-custom-border\"><img loading=\"lazy\" decoding=\"async\" width=\"1024\" height=\"1024\" src=\"https:\/\/new.invite.cz\/wp-content\/uploads\/2024\/07\/IMG_2156-Large-1024x1024.jpeg\" alt=\"\" class=\"has-border-color has-contrast-light-border-color wp-image-210\" style=\"aspect-ratio:1;object-fit:cover;width:168px\" srcset=\"https:\/\/new.invite.cz\/wp-content\/uploads\/2024\/07\/IMG_2156-Large-1024x1024.jpeg 1024w, https:\/\/new.invite.cz\/wp-content\/uploads\/2024\/07\/IMG_2156-Large-300x300.jpeg 300w, https:\/\/new.invite.cz\/wp-content\/uploads\/2024\/07\/IMG_2156-Large-150x150.jpeg 150w, https:\/\/new.invite.cz\/wp-content\/uploads\/2024\/07\/IMG_2156-Large-768x768.jpeg 768w, https:\/\/new.invite.cz\/wp-content\/uploads\/2024\/07\/IMG_2156-Large.jpeg 1280w\" sizes=\"auto, (max-width: 1024px) 100vw, 1024px\" \/><\/figure>\n\n\n\n<p style=\"padding-bottom:var(--wp--preset--spacing--superbspacing-medium);line-height:1.7\"><strong>Franti\u0161ek Porwol<\/strong><br>web developer<br>E-mail: franta@invite.cz<\/p>\n<\/div>\n<\/div>\n","protected":false},"excerpt":{"rendered":"<p>Jsme mlad\u00e1 a dynamick\u00e1 firma zam\u011b\u0159en\u00e1 na tvorbu webov\u00fdch str\u00e1nek a poskytov\u00e1n\u00ed spolehliv\u00e9ho hostingu. Na\u0161\u00edm c\u00edlem je nab\u00edzet kompletn\u00ed a responzivn\u00ed \u0159e\u0161en\u00ed, kter\u00e1 nejen skv\u011ble vypadaj\u00ed, ale tak\u00e9 bezchybn\u011b funguj\u00ed. D\u00edky na\u0161emu motivovan\u00e9mu t\u00fdmu poskytujeme individu\u00e1ln\u00ed p\u0159\u00edstup a inovativn\u00ed \u0159e\u0161en\u00ed, p\u0159izp\u016fsoben\u00e1 konkr\u00e9tn\u00edm pot\u0159eb\u00e1m ka\u017ed\u00e9ho z\u00e1kazn\u00edka. Na\u0161e hostingov\u00e9 slu\u017eby zaru\u010duj\u00ed rychlost, bezpe\u010dnost a spolehlivost, co\u017e umo\u017en\u00ed [&hellip;]<\/p>\n","protected":false},"author":2,"featured_media":0,"parent":0,"menu_order":0,"comment_status":"closed","ping_status":"closed","template":"","meta":{"footnotes":""},"class_list":["post-97","page","type-page","status-publish","hentry"],"_links":{"self":[{"href":"https:\/\/new.invite.cz\/index.php?rest_route=\/wp\/v2\/pages\/97","targetHints":{"allow":["GET"]}}],"collection":[{"href":"https:\/\/new.invite.cz\/index.php?rest_route=\/wp\/v2\/pages"}],"about":[{"href":"https:\/\/new.invite.cz\/index.php?rest_route=\/wp\/v2\/types\/page"}],"author":[{"embeddable":true,"href":"https:\/\/new.invite.cz\/index.php?rest_route=\/wp\/v2\/users\/2"}],"replies":[{"embeddable":true,"href":"https:\/\/new.invite.cz\/index.php?rest_route=%2Fwp%2Fv2%2Fcomments&post=97"}],"version-history":[{"count":27,"href":"https:\/\/new.invite.cz\/index.php?rest_route=\/wp\/v2\/pages\/97\/revisions"}],"predecessor-version":[{"id":228,"href":"https:\/\/new.invite.cz\/index.php?rest_route=\/wp\/v2\/pages\/97\/revisions\/228"}],"wp:attachment":[{"href":"https:\/\/new.invite.cz\/index.php?rest_route=%2Fwp%2Fv2%2Fmedia&parent=97"}],"curies":[{"name":"wp","href":"https:\/\/api.w.org\/{rel}","templated":true}]}}