{"id":58,"date":"2024-05-19T17:45:57","date_gmt":"2024-05-19T17:45:57","guid":{"rendered":"https:\/\/new.invite.cz\/?page_id=58"},"modified":"2024-08-11T04:26:11","modified_gmt":"2024-08-11T04:26:11","slug":"kontakty","status":"publish","type":"page","link":"https:\/\/new.invite.cz\/?page_id=58","title":{"rendered":"Kontakty"},"content":{"rendered":"\n<hr class=\"wp-block-separator has-text-color has-primary-color has-alpha-channel-opacity has-primary-background-color has-background\" style=\"margin-bottom:var(--wp--preset--spacing--superbspacing-small)\"\/>\n\n\n\n<div class=\"wp-block-columns is-layout-flex wp-container-core-columns-is-layout-9c22b1e3 wp-block-columns-is-layout-flex\">\n<div class=\"wp-block-column is-layout-flow wp-block-column-is-layout-flow\" style=\"flex-basis:60%\">\n<figure class=\"wp-block-image alignleft size-large is-resized has-custom-border\"><img decoding=\"async\" src=\"https:\/\/new.invite.cz\/wp-content\/uploads\/2024\/06\/man-303792_1280-edited.png\" alt=\"\" class=\"has-border-color has-contrast-light-border-color wp-image-153\" style=\"aspect-ratio:1;object-fit:cover;width:168px\"\/><\/figure>\n\n\n\n<p style=\"padding-bottom:var(--wp--preset--spacing--superbspacing-medium);line-height:1.5\"><strong>Ing. Porwol Du\u0161an<\/strong><br>technick\u00e1 podpora<br>dusan@invite.cz<\/p>\n<\/div>\n\n\n\n<div class=\"wp-block-column is-vertically-aligned-center is-layout-flow wp-block-column-is-layout-flow\" style=\"flex-basis:40%\">\n<figure class=\"wp-block-image alignleft size-full is-resized has-custom-border\"><img loading=\"lazy\" decoding=\"async\" width=\"1280\" height=\"1280\" src=\"https:\/\/new.invite.cz\/wp-content\/uploads\/2024\/07\/IMG_2156-Large.jpeg\" alt=\"\" class=\"has-border-color has-contrast-light-border-color wp-image-210\" style=\"aspect-ratio:1;object-fit:cover;width:168px\" srcset=\"https:\/\/new.invite.cz\/wp-content\/uploads\/2024\/07\/IMG_2156-Large.jpeg 1280w, https:\/\/new.invite.cz\/wp-content\/uploads\/2024\/07\/IMG_2156-Large-300x300.jpeg 300w, https:\/\/new.invite.cz\/wp-content\/uploads\/2024\/07\/IMG_2156-Large-1024x1024.jpeg 1024w, https:\/\/new.invite.cz\/wp-content\/uploads\/2024\/07\/IMG_2156-Large-150x150.jpeg 150w, https:\/\/new.invite.cz\/wp-content\/uploads\/2024\/07\/IMG_2156-Large-768x768.jpeg 768w\" sizes=\"auto, (max-width: 1280px) 100vw, 1280px\" \/><\/figure>\n\n\n\n<p style=\"padding-bottom:var(--wp--preset--spacing--superbspacing-medium);line-height:1.5\"><strong>Porwol Franti\u0161ek<\/strong><br>web developer<br>franta@invite.cz<\/p>\n<\/div>\n<\/div>\n\n\n\n<p class=\"has-contrast-light-color has-text-color has-link-color has-superbfont-large-font-size wp-elements-f9645f0de052a6f212193ec7a7c6a819\" style=\"padding-top:var(--wp--preset--spacing--superbspacing-medium);font-style:normal;font-weight:700\">Kontaktujte n\u00e1s<\/p>\n\n\n<style id=\"wpforms-css-vars-63-block-9cde0704-8a40-4540-b396-aabdd25064a3\">\n\t\t\t\t#wpforms-63.wpforms-block-9cde0704-8a40-4540-b396-aabdd25064a3 {\n\t\t\t\t--wpforms-label-color: #FFFFFF;\n--wpforms-label-sublabel-color: #6366F1;\n--wpforms-field-text-color: #000000;\n--wpforms-button-border-style: solid;\n--wpforms-button-background-color: #6366F1;\n--wpforms-button-border-color: #64748B;\n--wpforms-field-size-input-height: 43px;\n--wpforms-field-size-input-spacing: 15px;\n--wpforms-field-size-font-size: 16px;\n--wpforms-field-size-line-height: 19px;\n--wpforms-field-size-padding-h: 14px;\n--wpforms-field-size-checkbox-size: 16px;\n--wpforms-field-size-sublabel-spacing: 5px;\n--wpforms-field-size-icon-size: 1;\n--wpforms-label-size-font-size: 16px;\n--wpforms-label-size-line-height: 19px;\n--wpforms-label-size-sublabel-font-size: 14px;\n--wpforms-label-size-sublabel-line-height: 17px;\n--wpforms-button-size-font-size: 17px;\n--wpforms-button-size-height: 41px;\n--wpforms-button-size-padding-h: 15px;\n--wpforms-button-size-margin-top: 10px;\n\t\t\t}\n\t\t\t<\/style><div class=\"wpforms-container wpforms-container-full wpforms-block wpforms-block-9cde0704-8a40-4540-b396-aabdd25064a3 wpforms-render-modern\" id=\"wpforms-63\"><form id=\"wpforms-form-63\" class=\"wpforms-validate wpforms-form wpforms-ajax-form\" data-formid=\"63\" method=\"post\" enctype=\"multipart\/form-data\" action=\"\/index.php?rest_route=%2Fwp%2Fv2%2Fpages%2F58\" data-token=\"3862aeb037682557ea48376ce54fba77\" data-token-time=\"1775414058\"><noscript class=\"wpforms-error-noscript\">Chcete-li vyplnit tento formul\u00e1\u0159, pros\u00edm povolte v prohl\u00ed\u017ee\u010di JavaScript.<\/noscript><div id=\"wpforms-error-noscript\" style=\"display: none;\">Chcete-li vyplnit tento formul\u00e1\u0159, pros\u00edm povolte v prohl\u00ed\u017ee\u010di JavaScript.<\/div><div class=\"wpforms-field-container\"><div id=\"wpforms-63-field_0-container\" class=\"wpforms-field wpforms-field-name\" data-field-id=\"0\"><fieldset><legend class=\"wpforms-field-label\">Jm\u00e9no <span class=\"wpforms-required-label\" aria-hidden=\"true\">*<\/span><\/legend><div class=\"wpforms-field-row wpforms-field-medium\"><div class=\"wpforms-field-row-block wpforms-first wpforms-one-half\"><input type=\"text\" id=\"wpforms-63-field_0\" class=\"wpforms-field-name-first wpforms-field-required\" name=\"wpforms[fields][0][first]\" aria-errormessage=\"wpforms-63-field_0-error\" required><label for=\"wpforms-63-field_0\" class=\"wpforms-field-sublabel after\">K\u0159estn\u00ed jm\u00e9no<\/label><\/div><div class=\"wpforms-field-row-block wpforms-one-half\"><input type=\"text\" id=\"wpforms-63-field_0-last\" class=\"wpforms-field-name-last wpforms-field-required\" name=\"wpforms[fields][0][last]\" aria-errormessage=\"wpforms-63-field_0-last-error\" required><label for=\"wpforms-63-field_0-last\" class=\"wpforms-field-sublabel after\">P\u0159\u00edjmen\u00ed<\/label><\/div><\/div><\/fieldset><\/div><div id=\"wpforms-63-field_1-container\" class=\"wpforms-field wpforms-field-email\" data-field-id=\"1\"><label class=\"wpforms-field-label\" for=\"wpforms-63-field_1\">E-mail <span class=\"wpforms-required-label\" aria-hidden=\"true\">*<\/span><\/label><input type=\"email\" id=\"wpforms-63-field_1\" class=\"wpforms-field-medium wpforms-field-required\" name=\"wpforms[fields][1]\" spellcheck=\"false\" aria-errormessage=\"wpforms-63-field_1-error\" required><\/div><div id=\"wpforms-63-field_4-container\" class=\"wpforms-field wpforms-field-text\" data-field-id=\"4\"><label class=\"wpforms-field-label\" for=\"wpforms-63-field_4\">N\u00e1zev Va\u0161i firmy <span class=\"wpforms-required-label\" aria-hidden=\"true\">*<\/span><\/label><input type=\"text\" id=\"wpforms-63-field_4\" class=\"wpforms-field-medium wpforms-field-required\" name=\"wpforms[fields][4]\" aria-errormessage=\"wpforms-63-field_4-error\" required><\/div><div id=\"wpforms-63-field_3-container\" class=\"wpforms-field wpforms-field-text\" data-field-id=\"3\"><label class=\"wpforms-field-label\" for=\"wpforms-63-field_3\">Telefonn\u00ed \u010d\u00edslo (nepovinn\u00e9)<\/label><input type=\"text\" id=\"wpforms-63-field_3\" class=\"wpforms-field-medium\" name=\"wpforms[fields][3]\" aria-errormessage=\"wpforms-63-field_3-error\" ><\/div><div id=\"wpforms-63-field_2-container\" class=\"wpforms-field wpforms-field-textarea\" data-field-id=\"2\"><label class=\"wpforms-field-label\" for=\"wpforms-63-field_2\">Zpr\u00e1va <span class=\"wpforms-required-label\" aria-hidden=\"true\">*<\/span><\/label><textarea id=\"wpforms-63-field_2\" class=\"wpforms-field-medium wpforms-field-required\" name=\"wpforms[fields][2]\" aria-errormessage=\"wpforms-63-field_2-error\" required><\/textarea><\/div><\/div><!-- .wpforms-field-container --><div class=\"wpforms-recaptcha-container wpforms-is-recaptcha wpforms-is-recaptcha-type-v3\" ><input type=\"hidden\" name=\"wpforms[recaptcha]\" value=\"\"><\/div><div class=\"wpforms-submit-container\" ><input type=\"hidden\" name=\"wpforms[id]\" value=\"63\"><input type=\"hidden\" name=\"page_title\" value=\"\"><input type=\"hidden\" name=\"page_url\" value=\"https:\/\/new.invite.cz\/index.php?rest_route=\/wp\/v2\/pages\/58\"><input type=\"hidden\" name=\"url_referer\" value=\"\"><button type=\"submit\" name=\"wpforms[submit]\" id=\"wpforms-submit-63\" class=\"wpforms-submit\" data-alt-text=\"Odes\u00edl\u00e1ni...\" data-submit-text=\"Odeslat\" aria-live=\"assertive\" value=\"wpforms-submit\">Odeslat<\/button><img loading=\"lazy\" decoding=\"async\" src=\"https:\/\/new.invite.cz\/wp-content\/plugins\/wpforms-lite\/assets\/images\/submit-spin.svg\" class=\"wpforms-submit-spinner\" style=\"display: none;\" width=\"26\" height=\"26\" alt=\"Na\u010d\u00edt\u00e1n\u00ed\"><\/div><\/form><\/div>  <!-- .wpforms-container -->","protected":false},"excerpt":{"rendered":"<p>Ing. Porwol Du\u0161antechnick\u00e1 podporadusan@invite.cz Porwol Franti\u0161ekweb developerfranta@invite.cz Kontaktujte n\u00e1s<\/p>\n","protected":false},"author":2,"featured_media":0,"parent":0,"menu_order":0,"comment_status":"closed","ping_status":"closed","template":"","meta":{"footnotes":""},"class_list":["post-58","page","type-page","status-publish","hentry"],"_links":{"self":[{"href":"https:\/\/new.invite.cz\/index.php?rest_route=\/wp\/v2\/pages\/58","targetHints":{"allow":["GET"]}}],"collection":[{"href":"https:\/\/new.invite.cz\/index.php?rest_route=\/wp\/v2\/pages"}],"about":[{"href":"https:\/\/new.invite.cz\/index.php?rest_route=\/wp\/v2\/types\/page"}],"author":[{"embeddable":true,"href":"https:\/\/new.invite.cz\/index.php?rest_route=\/wp\/v2\/users\/2"}],"replies":[{"embeddable":true,"href":"https:\/\/new.invite.cz\/index.php?rest_route=%2Fwp%2Fv2%2Fcomments&post=58"}],"version-history":[{"count":25,"href":"https:\/\/new.invite.cz\/index.php?rest_route=\/wp\/v2\/pages\/58\/revisions"}],"predecessor-version":[{"id":227,"href":"https:\/\/new.invite.cz\/index.php?rest_route=\/wp\/v2\/pages\/58\/revisions\/227"}],"wp:attachment":[{"href":"https:\/\/new.invite.cz\/index.php?rest_route=%2Fwp%2Fv2%2Fmedia&parent=58"}],"curies":[{"name":"wp","href":"https:\/\/api.w.org\/{rel}","templated":true}]}}