{"id":21,"date":"2024-05-18T09:53:25","date_gmt":"2024-05-18T09:53:25","guid":{"rendered":"https:\/\/new.invite.cz\/?page_id=21"},"modified":"2024-07-20T08:10:45","modified_gmt":"2024-07-20T08:10:45","slug":"cenik","status":"publish","type":"page","link":"https:\/\/new.invite.cz\/?page_id=21","title":{"rendered":"Cen\u00edk"},"content":{"rendered":"\n<p class=\"has-text-align-center has-primary-color has-text-color has-link-color wp-elements-d675c9d7f1a5129569f24d8c182b084e\" style=\"padding-top:0;padding-bottom:0;font-size:clamp(17.905px, 1.119rem + ((1vw - 3.2px) * 1.147), 28px);letter-spacing:1px;text-decoration:underline\"><strong>Hosting pro v\u0161echny alternativy na prvn\u00ed rok zdarma!<\/strong><\/p>\n\n\n\n<div class=\"wp-block-columns is-layout-flex wp-container-core-columns-is-layout-e79a657b wp-block-columns-is-layout-flex\" style=\"padding-top:0\">\n<div class=\"wp-block-column is-layout-flow wp-block-column-is-layout-flow\">\n<p class=\"has-text-align-center has-superbfont-medium-font-size\" style=\"padding-top:var(--wp--preset--spacing--superbspacing-medium)\"><strong>Jednoduch\u00fd informa\u010dn\u00ed web<\/strong><\/p>\n\n\n\n<hr class=\"wp-block-separator aligncenter has-text-color has-primary-color has-alpha-channel-opacity has-primary-background-color has-background is-style-default\" style=\"margin-top:var(--wp--preset--spacing--superbspacing-xxsmall);margin-bottom:var(--wp--preset--spacing--superbspacing-xxsmall)\"\/>\n\n\n\n<ul class=\"wp-block-list\">\n<li>Zhotoven\u00ed webu: <strong>~<\/strong>6000 K\u010d<\/li>\n\n\n\n<li>Hosting: 2000 K\u010d\/rok<\/li>\n\n\n\n<li>Variabiln\u00ed: placen\u00e9 pluginy<\/li>\n\n\n\n<li>\u00dadr\u017eba a aktualizace verz\u00ed v cen\u011b<\/li>\n<\/ul>\n<\/div>\n\n\n\n<div class=\"wp-block-column is-layout-flow wp-block-column-is-layout-flow\">\n<p class=\"has-text-align-center has-superbfont-medium-font-size\" style=\"padding-top:var(--wp--preset--spacing--superbspacing-medium)\"><strong>Slo\u017eit\u011bj\u0161\u00ed informa\u010dn\u00ed web<\/strong><\/p>\n\n\n\n<hr class=\"wp-block-separator aligncenter has-text-color has-primary-color has-alpha-channel-opacity has-primary-background-color has-background is-style-default\" style=\"margin-top:var(--wp--preset--spacing--superbspacing-xxsmall);margin-bottom:var(--wp--preset--spacing--superbspacing-xxsmall)\"\/>\n\n\n\n<ul class=\"wp-block-list\">\n<li>Zhotoven\u00ed webu: <strong>~<\/strong>12000 K\u010d<\/li>\n\n\n\n<li>Hosting: 2000 K\u010d\/rok<\/li>\n\n\n\n<li>Variabiln\u00ed: placen\u00e9 pluginy<\/li>\n\n\n\n<li>\u00dadr\u017eba a aktualizace verz\u00ed v cen\u011b<\/li>\n<\/ul>\n<\/div>\n\n\n\n<div class=\"wp-block-column is-layout-flow wp-block-column-is-layout-flow\">\n<p class=\"has-text-align-center has-superbfont-medium-font-size\" style=\"padding-top:var(--wp--preset--spacing--superbspacing-medium);padding-bottom:0\"><strong>Komplexn\u00ed a slo\u017eit\u00fd web<\/strong><\/p>\n\n\n\n<hr class=\"wp-block-separator aligncenter has-text-color has-primary-color has-alpha-channel-opacity has-primary-background-color has-background is-style-default\" style=\"margin-top:var(--wp--preset--spacing--superbspacing-xxsmall);margin-bottom:var(--wp--preset--spacing--superbspacing-xxsmall)\"\/>\n\n\n\n<ul class=\"wp-block-list\">\n<li>Zhotoven\u00ed webu: po konzultaci<\/li>\n\n\n\n<li>Hosting: 2000 K\u010d\/rok<\/li>\n\n\n\n<li>Variabiln\u00ed: placen\u00e9 pluginy<\/li>\n\n\n\n<li>\u00dadr\u017eba a aktualizace verz\u00ed v cen\u011b<\/li>\n<\/ul>\n<\/div>\n<\/div>\n\n\n\n<div class=\"wp-block-columns is-layout-flex wp-container-core-columns-is-layout-28f84493 wp-block-columns-is-layout-flex\">\n<div class=\"wp-block-column is-layout-flow wp-block-column-is-layout-flow\" style=\"flex-basis:33%\"><\/div>\n\n\n\n<div class=\"wp-block-column is-layout-flow wp-block-column-is-layout-flow\" style=\"flex-basis:60%\">\n<div class=\"wp-block-group has-global-padding is-content-justification-center is-layout-constrained wp-container-core-group-is-layout-dc2f3e35 wp-block-group-is-layout-constrained\" style=\"padding-right:var(--wp--preset--spacing--superbspacing-small);padding-left:var(--wp--preset--spacing--superbspacing-small)\">\n<p class=\"has-text-align-center has-contrast-light-color has-text-color has-link-color has-superbfont-medium-font-size wp-elements-d39fe6353b2acb6c46912947e58e930d\" style=\"padding-top:var(--wp--preset--spacing--superbspacing-medium)\"><strong>Hodinov\u00e1 pr\u00e1ce<\/strong><br><strong>(po zhotoven\u00ed webu)<\/strong><\/p>\n\n\n\n<hr class=\"wp-block-separator has-text-color has-primary-color has-alpha-channel-opacity has-primary-background-color has-background is-style-default\" style=\"margin-top:var(--wp--preset--spacing--superbspacing-xxsmall)\"\/>\n\n\n\n<ul style=\"padding-left:0\" class=\"wp-block-list\">\n<li>\u00daprava informac\u00ed a obsahu str\u00e1nky: 350 K\u010d\/h<\/li>\n\n\n\n<li>\u00daprava technick\u00fdch aspekt\u016f a funkc\u00ed str\u00e1nky: 750 K\u010d\/h<\/li>\n\n\n\n<li>Minim\u00e1ln\u00ed fakturovan\u00e1 doba: 30 minut<\/li>\n<\/ul>\n<\/div>\n<\/div>\n\n\n\n<div class=\"wp-block-column is-layout-flow wp-block-column-is-layout-flow\" style=\"flex-basis:33%\"><\/div>\n<\/div>\n","protected":false},"excerpt":{"rendered":"<p>Hosting pro v\u0161echny alternativy na prvn\u00ed rok zdarma! Jednoduch\u00fd informa\u010dn\u00ed web Slo\u017eit\u011bj\u0161\u00ed informa\u010dn\u00ed web Komplexn\u00ed a slo\u017eit\u00fd web Hodinov\u00e1 pr\u00e1ce(po zhotoven\u00ed webu)<\/p>\n","protected":false},"author":2,"featured_media":0,"parent":0,"menu_order":0,"comment_status":"closed","ping_status":"closed","template":"","meta":{"footnotes":""},"class_list":["post-21","page","type-page","status-publish","hentry"],"_links":{"self":[{"href":"https:\/\/new.invite.cz\/index.php?rest_route=\/wp\/v2\/pages\/21","targetHints":{"allow":["GET"]}}],"collection":[{"href":"https:\/\/new.invite.cz\/index.php?rest_route=\/wp\/v2\/pages"}],"about":[{"href":"https:\/\/new.invite.cz\/index.php?rest_route=\/wp\/v2\/types\/page"}],"author":[{"embeddable":true,"href":"https:\/\/new.invite.cz\/index.php?rest_route=\/wp\/v2\/users\/2"}],"replies":[{"embeddable":true,"href":"https:\/\/new.invite.cz\/index.php?rest_route=%2Fwp%2Fv2%2Fcomments&post=21"}],"version-history":[{"count":30,"href":"https:\/\/new.invite.cz\/index.php?rest_route=\/wp\/v2\/pages\/21\/revisions"}],"predecessor-version":[{"id":186,"href":"https:\/\/new.invite.cz\/index.php?rest_route=\/wp\/v2\/pages\/21\/revisions\/186"}],"wp:attachment":[{"href":"https:\/\/new.invite.cz\/index.php?rest_route=%2Fwp%2Fv2%2Fmedia&parent=21"}],"curies":[{"name":"wp","href":"https:\/\/api.w.org\/{rel}","templated":true}]}}